{"id":4,"date":"2014-05-15T19:04:27","date_gmt":"2014-05-15T19:04:27","guid":{"rendered":"http:\/\/handisportauto.com\/?page_id=4"},"modified":"2026-03-29T09:21:03","modified_gmt":"2026-03-29T09:21:03","slug":"4-2","status":"publish","type":"page","link":"https:\/\/handisportauto.com\/","title":{"rendered":"HANDISPORTAUTO"},"content":{"rendered":"\n<p><\/p>\n\n\n\n<p><\/p>\n\n\n<p><img loading=\"lazy\" decoding=\"async\" class=\"aligncenter\" style=\"margin-top: -33px;\" title=\"Handisportauto\" src=\"https:\/\/handisportauto.com\/hsa\/photohome.jpg\" alt=\"Handisportauto, stage Porsche, Le Mans\" width=\"636\" height=\"279\" \/><\/p>\n<h1 style=\"font-size: 16px; margin-top: -10px; margin-bottom: 11px; text-align: center;\">Stages de pilotage pour tous sur Porsche 996 Carrera. Circuit Maison Blanche, Le Mans.<\/h1>\n<h3 style=\"color: #fd8b01;\">Handisportauto, le pilotage sur circuit pour tous<\/h3>\n<p style=\"text-align: justify;\"><strong>HANDISPORTAUTO<\/strong> propose les premiers stages de d\u00e9couverte du pilotage sur circuit accessibles aux personnes \u00e0 mobilit\u00e9 r\u00e9duite.<\/p>\n<p style=\"text-align: justify;\"><strong>HANDISPORTAUTO<\/strong> est sp\u00e9cialis\u00e9e dans la formation, l&rsquo;initiation et le perfectionnement au <strong>pilotage automobile<\/strong> aupr\u00e8s des entreprises et des particuliers. Ces diff\u00e9rentes activit\u00e9s se pr\u00e9sentent sous la forme de stages assur\u00e9s par des instructeurs dipl\u00f4m\u00e9s d&rsquo;Etat et pouvant s&rsquo;effectuer \u00e0 bord de v\u00e9hicules \u00e9quip\u00e9s et adapt\u00e9s \u00e0 certains handicaps (acc\u00e9l\u00e9rateur au volant, frein \u00e0 main, acc\u00e9l\u00e9rateur au pied gauche).<\/p>\n<p style=\"text-align: justify;\">Tous nos stages de pilotage sont encadr\u00e9s par des <strong>instructeurs<\/strong> titulaires du Brevet Professionnel Jeunesse Education Populaire du Sport &#8211; Sp\u00e9cialit\u00e9 auto (BP JEPS) ou du Brevet pour l&rsquo;Exercice de la profession d&rsquo;Enseignant de la Conduite Automobile et de la S\u00e9curit\u00e9 Routi\u00e8re (BEPECASER)<\/p>\n<p><strong>HANDISPORTAUTO<\/strong> c&rsquo;est aussi :<\/p>\n<ul class=\"check\">\n<li style=\"list-style-type: none;\">La cr\u00e9ation de journ\u00e9e \u00e9v\u00e9nement.<\/li>\n<li style=\"list-style-type: none;\">l&rsquo;\u00e9ducation routi\u00e8re pour TOUS les enfants (de 6 \u00e0 13 ans).<\/li>\n<li style=\"list-style-type: none;\">La formation aux risques routiers.<\/li>\n<\/ul>\n<h3 style=\"color: #fd8b01;\">Porsche 996 Carrera, le pilotage 100% \u00e9motion<\/h3>\n<p style=\"text-align: justify;\"><strong>Exclusivit\u00e9 HANDISPORTAUTO : Porsche adapt\u00e9e \u00e0 diff\u00e9rents handicaps.<\/strong><br \/>\nLes bapt\u00eames, les d\u00e9couvertes et les stages de pilotage se font sur <strong>Porsche 996 tiptronic<\/strong> avec <strong>commandes adapt\u00e9es<\/strong> aux personnes porteuses de certains handicaps, parapl\u00e9gie, amputations jambe droite, &#8230;<\/p>\n<p style=\"text-align: justify;\">La <strong>Porsche 996 Carrera<\/strong> est la voiture de sport qui a la meilleure r\u00e9putation en terme de performance\/fiabilit\u00e9. La marque Porsche fait r\u00eaver et en piloter une sur circuit c&rsquo;est inesp\u00e9r\u00e9 ! Nous vous proposons de d\u00e9couvrir cette b\u00eate m\u00e9canique sur circuit avec la \u00ab\u00a0bo\u00eete Tiptronic\u00a0\u00bb, qui permet le passage des vitesses au volant. Vous serez bluff\u00e9 par sa puissance et son comportement en virage, aligner les tours de pistes \u00e0 son volant \u00e7a n&rsquo;est que du bonheur avec la m\u00e9lodie du flat 6 en plus !<\/p>\n<div style=\"width: 100%;\">\n<div style=\"float: left; vertical-align: top; margin-left: 55px;\"><span style=\"background-color: #fd8b01; color: #fff; font-weight: bold;\">Descriptif de la voiture<\/span><br \/>\n<img decoding=\"async\" src=\"https:\/\/handisportauto.com\/hsa\/icones\/check.png\" alt=\"\" \/> Marque : PORSCHE<br \/>\n<img decoding=\"async\" src=\"https:\/\/handisportauto.com\/hsa\/icones\/check.png\" alt=\"\" \/> Mod\u00e8le : 996 CARRERA 2 TIPTRONIC<br \/>\n<img decoding=\"async\" src=\"https:\/\/handisportauto.com\/hsa\/icones\/check.png\" alt=\"\" \/> Cylindr\u00e9e : 3.4 L<br \/>\n<img decoding=\"async\" src=\"https:\/\/handisportauto.com\/hsa\/icones\/check.png\" alt=\"\" \/> Puissance : 300 CV \u00e0 6800 tr\/mn<br \/>\n<img decoding=\"async\" src=\"https:\/\/handisportauto.com\/hsa\/icones\/check.png\" alt=\"\" \/> Acc\u00e9l\u00e9ration : 0 \u00e0 100 km\/h en 5.7 sec.<\/div>\n<div style=\"float: left; vertical-align: top; margin-left: 55px;\"><span style=\"background-color: #fd8b01; font-weight: bold; color: #fff;\">Am\u00e9nagements sp\u00e9cifiques<\/span><br \/>\n<img decoding=\"async\" src=\"https:\/\/handisportauto.com\/hsa\/icones\/check.png\" alt=\"\" \/> Cercle acc\u00e9l\u00e9rateur au volant<br \/>\n<img decoding=\"async\" src=\"https:\/\/handisportauto.com\/hsa\/icones\/check.png\" alt=\"\" \/>Frein principal + acc\u00e9l\u00e9rateur sur pivot main droite<br \/>\n<img decoding=\"async\" src=\"https:\/\/handisportauto.com\/hsa\/icones\/check.png\" alt=\"\" \/> Option acc\u00e9l\u00e9rateur pied gauche<br \/>\n(cale pied devant acc\u00e9l\u00e9rateur droit)<br \/>\n<img decoding=\"async\" src=\"https:\/\/handisportauto.com\/hsa\/icones\/check.png\" alt=\"\" \/> Option plateau sur le volant<\/div>\n<\/div>\n<p>&nbsp;<\/p>\n<div style=\"text-align: center;\">\n<p><img decoding=\"async\" src=\"https:\/\/handisportauto.com\/hsa\/porsche\/out1.jpg\" alt=\"porsche\" \/><\/p>\n<p><img decoding=\"async\" src=\"https:\/\/handisportauto.com\/hsa\/porsche\/out2.jpg\" alt=\"porsche\" \/><\/p>\n<p><img decoding=\"async\" src=\"https:\/\/handisportauto.com\/hsa\/porsche\/out3.jpg\" alt=\"porsche\" \/><\/p>\n<p>Cercle acc\u00e9l\u00e9rateur au volant.<\/p>\n<p><a href=\"https:\/\/handisportauto.com\/wp-content\/uploads\/2024\/12\/IMG_4141-scaled.jpg\"><img loading=\"lazy\" decoding=\"async\" class=\"alignnone  wp-image-337\" src=\"https:\/\/handisportauto.com\/wp-content\/uploads\/2024\/12\/IMG_4141-225x300.jpg\" alt=\"\" width=\"290\" height=\"387\" srcset=\"https:\/\/handisportauto.com\/wp-content\/uploads\/2024\/12\/IMG_4141-225x300.jpg 225w, https:\/\/handisportauto.com\/wp-content\/uploads\/2024\/12\/IMG_4141-768x1024.jpg 768w, https:\/\/handisportauto.com\/wp-content\/uploads\/2024\/12\/IMG_4141-1152x1536.jpg 1152w, https:\/\/handisportauto.com\/wp-content\/uploads\/2024\/12\/IMG_4141-1536x2048.jpg 1536w, https:\/\/handisportauto.com\/wp-content\/uploads\/2024\/12\/IMG_4141-480x640.jpg 480w, https:\/\/handisportauto.com\/wp-content\/uploads\/2024\/12\/IMG_4141-scaled.jpg 1920w\" sizes=\"auto, (max-width: 290px) 100vw, 290px\" \/><\/a> \u00a0\u00a0<a href=\"https:\/\/handisportauto.com\/wp-content\/uploads\/2024\/12\/IMG_4144-scaled.jpg\"><img loading=\"lazy\" decoding=\"async\" class=\"alignnone  wp-image-340\" src=\"https:\/\/handisportauto.com\/wp-content\/uploads\/2024\/12\/IMG_4144-225x300.jpg\" alt=\"\" width=\"291\" height=\"388\" srcset=\"https:\/\/handisportauto.com\/wp-content\/uploads\/2024\/12\/IMG_4144-225x300.jpg 225w, https:\/\/handisportauto.com\/wp-content\/uploads\/2024\/12\/IMG_4144-768x1024.jpg 768w, https:\/\/handisportauto.com\/wp-content\/uploads\/2024\/12\/IMG_4144-1152x1536.jpg 1152w, https:\/\/handisportauto.com\/wp-content\/uploads\/2024\/12\/IMG_4144-1536x2048.jpg 1536w, https:\/\/handisportauto.com\/wp-content\/uploads\/2024\/12\/IMG_4144-480x640.jpg 480w, https:\/\/handisportauto.com\/wp-content\/uploads\/2024\/12\/IMG_4144-scaled.jpg 1920w\" sizes=\"auto, (max-width: 291px) 100vw, 291px\" \/><\/a><\/p>\n<p>Acc\u00e9l\u00e9rateur pied gauche (option).<\/p>\n<p><img decoding=\"async\" src=\"https:\/\/handisportauto.com\/hsa\/porsche\/in2.jpg\" alt=\"\" \/><\/p>\n<p>Plateau sur volant (option).<\/p>\n<p><img decoding=\"async\" src=\"https:\/\/handisportauto.com\/hsa\/porsche\/in3.jpg\" alt=\"\" \/><\/p>\n<\/div>\n<p>&nbsp;<\/p>\n<h3 style=\"color: #fd8b01;\">Circuit Maison Blanche, Le Mans<\/h3>\n<p style=\"text-align: justify;\">Le <strong>circuit Maison Blanche<\/strong> cr\u00e9\u00e9 en 1976 a \u00e9t\u00e9 int\u00e9gralement r\u00e9nov\u00e9 au cours du second semestre 2007. D\u2019une largeur de 9 m\u00e8tres, il est scind\u00e9 en plusieurs pistes permettant de rouler en toute s\u00e9curit\u00e9 sur des configurations de trac\u00e9s allant d\u2019 1,7 km \u00e0 2,9 km.<br \/>\nLa piste emprunte une partie du mythique circuit des <strong>24 Heures du Mans<\/strong>, de la sortie des virages Porsche jusqu\u2019\u00e0 l\u2019entr\u00e9e des chicanes Ford. Pour une s\u00e9curit\u00e9 maximale, Il comporte de larges zones de s\u00e9curit\u00e9 int\u00e9grant d\u00e9gagements en herbe, bacs \u00e0 graviers et pneumatiques de protection.<br \/>\nL`infrastructure dispose d&rsquo;un b\u00e2timent permettant d`accueillir 90 personnes lors des briefings ainsi que des vestiaires homme et femme, sanitaires et douches, et des boxes pour les utilisateurs de la piste.<\/p>\n<p style=\"text-align: justify;\"><span style=\"font-weight: bold;\">Comment s&rsquo;y rendre ?<\/span><br \/>\nC&rsquo;est tr\u00e8s simple : le circuit de Maison Blanche se trouve dans l&rsquo;enceinte du circuit des 24 Heures du Mans, il suffit de rentrer (en voiture ou autre&#8230;) par l&rsquo;entr\u00e9e principale du l\u00e9gendaire circuit situ\u00e9e \u00e0 proximit\u00e9 du Mus\u00e9e de l&rsquo;automobile, puis de prendre la toute premi\u00e8re voie sur la droite qui longe par derri\u00e8re les tribunes de la \u00ab\u00a0ligne droite des stands\u00a0\u00bb, poursuivre tout droit sur 300 m\u00e8tres environ et vous y \u00eates ! Vous pourrez vous garer facilement, il y a beaucoup de places.<\/p>\n<div style=\"text-align: center;\">Acc\u00e8s au circuit Maison Blanche :<\/p>\n<p><img decoding=\"async\" src=\"https:\/\/handisportauto.com\/hsa\/carte\/1.jpg\" alt=\"circuit Maison Blanche\" \/><br \/>\n&gt; <a style=\"font-weight: bold;\" href=\"http:\/\/goo.gl\/maps\/SXExx\" target=\"_blank\" rel=\"noopener noreferrer\">ouvrir sur Google Map<\/a><\/p>\n<p>Vue a\u00e9rienne du Circuit Maison Blanche :<\/p>\n<p><img decoding=\"async\" src=\"https:\/\/handisportauto.com\/hsa\/carte\/3.jpg\" alt=\"circuit Maison Blanche\" \/><br \/>\nCr\u00e9dit photo : ACO lemans.org<\/div>\n<p>&nbsp;<\/p>\n<div style=\"clear: both; margin-bottom: 33px; padding-top: 30px;\"><img decoding=\"async\" class=\"aligncenter\" src=\"https:\/\/handisportauto.com\/hsa\/presse\/hsalogo.png\" alt=\"\" \/><\/div>\n<p>&nbsp;<\/p>","protected":false},"excerpt":{"rendered":"<p>Stages de pilotage pour tous sur Porsche 996 Carrera. Circuit Maison Blanche, Le Mans. Handisportauto, le pilotage sur circuit pour tous HANDISPORTAUTO propose les premiers stages de d\u00e9couverte du pilotage sur circuit accessibles aux personnes \u00e0&#8230;<\/p>\n","protected":false},"author":1,"featured_media":0,"parent":0,"menu_order":0,"comment_status":"closed","ping_status":"open","template":"","meta":{"footnotes":""},"class_list":["post-4","page","type-page","status-publish","hentry"],"_links":{"self":[{"href":"https:\/\/handisportauto.com\/index.php?rest_route=\/wp\/v2\/pages\/4","targetHints":{"allow":["GET"]}}],"collection":[{"href":"https:\/\/handisportauto.com\/index.php?rest_route=\/wp\/v2\/pages"}],"about":[{"href":"https:\/\/handisportauto.com\/index.php?rest_route=\/wp\/v2\/types\/page"}],"author":[{"embeddable":true,"href":"https:\/\/handisportauto.com\/index.php?rest_route=\/wp\/v2\/users\/1"}],"replies":[{"embeddable":true,"href":"https:\/\/handisportauto.com\/index.php?rest_route=%2Fwp%2Fv2%2Fcomments&post=4"}],"version-history":[{"count":25,"href":"https:\/\/handisportauto.com\/index.php?rest_route=\/wp\/v2\/pages\/4\/revisions"}],"predecessor-version":[{"id":359,"href":"https:\/\/handisportauto.com\/index.php?rest_route=\/wp\/v2\/pages\/4\/revisions\/359"}],"wp:attachment":[{"href":"https:\/\/handisportauto.com\/index.php?rest_route=%2Fwp%2Fv2%2Fmedia&parent=4"}],"curies":[{"name":"wp","href":"https:\/\/api.w.org\/{rel}","templated":true}]}}