{"id":8,"date":"2014-05-15T19:05:35","date_gmt":"2014-05-15T19:05:35","guid":{"rendered":"http:\/\/handisportauto.com\/?page_id=8"},"modified":"2026-04-20T16:10:08","modified_gmt":"2026-04-20T16:10:08","slug":"stages-de-pilotages-formules-et-tarifs","status":"publish","type":"page","link":"https:\/\/handisportauto.com\/?page_id=8","title":{"rendered":"Stages de pilotages : dates, formules et tarifs"},"content":{"rendered":"<p><img decoding=\"async\" src=\"https:\/\/handisportauto.com\/hsa\/stage1.jpg\" alt=\"\" \/><\/p>\n<h3 style=\"color: #fd8b01;\">Les stages : pr\u00e9sentation g\u00e9n\u00e9rale et conditions<\/h3>\n<p style=\"text-align: justify;\">Stage sur <strong>PORSCHE 996 Carrera<\/strong> (Tiptronic) sur le <strong>circuit Maison Blanche au Mans<\/strong> (la voiture et le circuit sont pr\u00e9sent\u00e9s en d\u00e9tail \u00e0 l&rsquo;accueil du site). L&rsquo;objectif est de vous faire d\u00e9couvrir les sensations du pilotage sur circuit avec une voiture de sport.<\/p>\n<p style=\"text-align: justify;\">Les <strong>stages de pilotage Handisportauto sont accessibles aux personnes \u00e0 mobilit\u00e9 r\u00e9duite et valides<\/strong>, hommes, femmes de 18 \u00e0 77 ans. Les bapt\u00eames, les d\u00e9couvertes et les stages de pilotage se font sur Porsche 996 tiptronic avec <strong>commandes adapt\u00e9es<\/strong> aux personnes porteuses de certains handicaps, parapl\u00e9gie, t\u00e9trapl\u00e9gie (C6-C7) amputations jambe droite&#8230; Et bien d\u2019autres ! pour toutes interrogations n&rsquo;h\u00e9sitez pas \u00e0 nous contacter !<\/p>\n<p style=\"text-align: justify;\">Nous ne limitons pas le nombre d&rsquo;<strong>accompagnateurs<\/strong> et les invitons d&rsquo;ailleurs \u00e0 profiter \u00e9galement de cette journ\u00e9e. Car regarder c&rsquo;est bien, participer c&rsquo;est encore mieux.., offrez vous une formule \u00abd\u00e9couverte du pilotage\u00bb ou pour encore plus de sensations un \u00ab bapt\u00eame \u00bb avec un pilote instructeur.<\/p>\n<p>Veuillez noter que les animaux ne sont pas admis dans l&rsquo;enceinte du circuit.<\/p>\n<p><strong>Conditions de participation :<\/strong><\/p>\n<ul>\n<li>Avoir 18 ans et un permis B \u00e0 jour.<\/li>\n<li>Avoir au moins six mois d&rsquo;exp\u00e9rience avec les commandes au volant.<\/li>\n<li>\u00catre apte \u00e0 la conduite le jour du stage.<\/li>\n<\/ul>\n<p style=\"text-align: justify;\">Nous rappelons ici que notre Porsche peut \u00e9galement \u00eatre pilot\u00e9e de mani\u00e8re \u00ab\u00a0classique\u00a0\u00bb, nos stages sont donc susceptibles d&rsquo;accueillir <strong>tous les publics<\/strong> sous r\u00e9serve de respecter les conditions si dessus.<\/p>\n<h3 style=\"color: #fd8b01;\">Description de la prestation<\/h3>\n<p style=\"text-align: justify;\">Apr\u00e8s un briefing personnalis\u00e9, <strong>vous prendrez effectivement le volant de la Porsche 996 Carrera pour X tours du circuit \u00e9cole<\/strong> (1.7 km environ) et vous serez toujours <strong>accompagn\u00e9 d&rsquo;un instructeur<\/strong> capable de vous guider dans votre \u00e9volution. Vous d\u00e9couvrirez ce que veut dire \u00ab\u00a0freiner fort\u00a0\u00bb (apprentissage du freinage d\u00e9gressif) et un syst\u00e8me de c\u00f4ne balisera les trajectoires id\u00e9ales de mani\u00e8re \u00e0 faciliter l&rsquo;apprentissage du circuit. A pr\u00e9ciser qu&rsquo;aucune chicane n&rsquo;est dispos\u00e9e en ligne droite de mani\u00e8re \u00e0 favoriser la vitesse au maximum\u2026<\/p>\n<h3 style=\"color: #fd8b01;\">Dates 2026 circuit du Mans (Maison Blanche)<\/h3>\n<div style=\"width: 100%;\">\n<p><img loading=\"lazy\" decoding=\"async\" class=\"\" style=\"float: right; margin-top: 20px; margin-right: 5px;\" src=\"https:\/\/handisportauto.com\/hsa\/stage3.jpg\" alt=\"Handisportauto\" width=\"182\" height=\"133\" \/><\/p>\n<ul>\n<li><span style=\"color: #333333;\"><strong>21 &#8211; 22 F\u00e9vrier 2026<\/strong><\/span><\/li>\n<li><span style=\"color: #333333;\"><strong>21 &#8211; 22 Mars 2026<\/strong><\/span><\/li>\n<li><span style=\"color: #333333;\"><strong>02 &#8211; 03 Mai 2026<\/strong><\/span><\/li>\n<li><span style=\"color: #333333;\"><strong><del>25 &#8211; 26 Juillet 2026<\/del> (<span style=\"color: #ff0000;\">complet<\/span>)<\/strong><\/span><\/li>\n<li><span style=\"color: #333333;\"><strong>14 &#8211; 15 &#8211; 16 Aout 2026 (nouvelles dates)<\/strong><\/span><\/li>\n<li><span style=\"color: #333333;\"><strong>19 &#8211; 20 Septembre 2026<\/strong><\/span><\/li>\n<li><span style=\"color: #333333;\"><strong>10 &#8211; 11\u00a0 Octobre 2026<\/strong><\/span><\/li>\n<li><span style=\"color: #333333;\"><strong>07 &#8211; 08 Novembre 2026<\/strong><\/span><\/li>\n<li><span style=\"color: #333333;\"><strong>05 &#8211; 06 D\u00e9cembre 2026<\/strong><\/span><\/li>\n<\/ul>\n<p>&#8211; Accueil impos\u00e9 : les accueils se font toutes les demi-heure&#8230;de 8h30 \u00e0 11h00 et de 13h30 \u00e0 18h00.<br \/>\n(17h00 en Mars)<br \/>\n&#8211; Pr\u00e9voir 2h00 de temps de pr\u00e9sence sur le circuit au total.<br \/>\n&#8211; Briefing Individuel.<br \/>\n&#8211; Formule : ci-dessous.<br \/>\n&#8211; D\u00e9briefing avec l&rsquo;instructeur.<\/p>\n<\/div>\n<h3><a href=\"https:\/\/handisportauto.com\/wp-content\/uploads\/2024\/12\/HSA-21-scaled.jpg\"><img loading=\"lazy\" decoding=\"async\" class=\"wp-image-332 alignnone\" src=\"https:\/\/handisportauto.com\/wp-content\/uploads\/2024\/12\/HSA-21-300x199.jpg\" alt=\"\" width=\"197\" height=\"131\" srcset=\"https:\/\/handisportauto.com\/wp-content\/uploads\/2024\/12\/HSA-21-300x199.jpg 300w, https:\/\/handisportauto.com\/wp-content\/uploads\/2024\/12\/HSA-21-1024x679.jpg 1024w, https:\/\/handisportauto.com\/wp-content\/uploads\/2024\/12\/HSA-21-768x509.jpg 768w, https:\/\/handisportauto.com\/wp-content\/uploads\/2024\/12\/HSA-21-1536x1018.jpg 1536w, https:\/\/handisportauto.com\/wp-content\/uploads\/2024\/12\/HSA-21-2048x1357.jpg 2048w, https:\/\/handisportauto.com\/wp-content\/uploads\/2024\/12\/HSA-21-840x557.jpg 840w\" sizes=\"auto, (max-width: 197px) 100vw, 197px\" \/><\/a><a href=\"https:\/\/handisportauto.com\/wp-content\/uploads\/2024\/12\/HSA-33-scaled.jpg\"><img loading=\"lazy\" decoding=\"async\" width=\"300\" height=\"129\" class=\"size-medium wp-image-333 alignnone\" src=\"https:\/\/handisportauto.com\/wp-content\/uploads\/2024\/12\/HSA-33-300x129.jpg\" alt=\"\" srcset=\"https:\/\/handisportauto.com\/wp-content\/uploads\/2024\/12\/HSA-33-300x129.jpg 300w, https:\/\/handisportauto.com\/wp-content\/uploads\/2024\/12\/HSA-33-1024x439.jpg 1024w, https:\/\/handisportauto.com\/wp-content\/uploads\/2024\/12\/HSA-33-768x329.jpg 768w, https:\/\/handisportauto.com\/wp-content\/uploads\/2024\/12\/HSA-33-1536x658.jpg 1536w, https:\/\/handisportauto.com\/wp-content\/uploads\/2024\/12\/HSA-33-2048x878.jpg 2048w, https:\/\/handisportauto.com\/wp-content\/uploads\/2024\/12\/HSA-33-840x360.jpg 840w\" sizes=\"auto, (max-width: 300px) 100vw, 300px\" \/><\/a><a href=\"https:\/\/handisportauto.com\/wp-content\/uploads\/2024\/12\/HSA-1-scaled.jpg\"><img loading=\"lazy\" decoding=\"async\" class=\"wp-image-331 alignnone\" src=\"https:\/\/handisportauto.com\/wp-content\/uploads\/2024\/12\/HSA-1-300x252.jpg\" alt=\"\" width=\"157\" height=\"132\" srcset=\"https:\/\/handisportauto.com\/wp-content\/uploads\/2024\/12\/HSA-1-300x252.jpg 300w, https:\/\/handisportauto.com\/wp-content\/uploads\/2024\/12\/HSA-1-1024x862.jpg 1024w, https:\/\/handisportauto.com\/wp-content\/uploads\/2024\/12\/HSA-1-768x646.jpg 768w, https:\/\/handisportauto.com\/wp-content\/uploads\/2024\/12\/HSA-1-1536x1293.jpg 1536w, https:\/\/handisportauto.com\/wp-content\/uploads\/2024\/12\/HSA-1-2048x1724.jpg 2048w, https:\/\/handisportauto.com\/wp-content\/uploads\/2024\/12\/HSA-1-760x640.jpg 760w\" sizes=\"auto, (max-width: 157px) 100vw, 157px\" \/><\/a><\/h3>\n<h3 style=\"color: #fd8b01;\">Les formules et tarifs<\/h3>\n<div style=\"width: 100%;\"><img loading=\"lazy\" decoding=\"async\" class=\"aligncenter\" style=\"float: right; margin-top: 55px; margin-right: 5px;\" src=\"https:\/\/handisportauto.com\/hsa\/stage2.jpg\" alt=\"\" width=\"201\" height=\"148\" \/><br \/>\n<strong>Bapt\u00eame de piste (vous \u00eates passager) <\/strong><\/p>\n<ul>\n<li><strong> 2 tours : 69 \u20ac<\/strong>.<\/li>\n<li>Tour sup : 26 \u20ac.<\/li>\n<\/ul>\n<\/div>\n<div style=\"width: 100%;\">\n<p><strong>D\u00e9couverte pilotage (vous prenez le volant)<\/strong><\/p>\n<ul>\n<li><strong> 2 tours\u00a0 :\u00a0 \u00a0 159 \u20ac<\/strong><\/li>\n<li><strong> 3 tours\u00a0 :\u00a0 \u00a0 199 \u20ac<\/strong><\/li>\n<li><strong> 4 tours\u00a0 :\u00a0 \u00a0 239 \u20ac<\/strong><\/li>\n<li><strong> 5 tours\u00a0 :\u00a0 \u00a0 279 \u20ac<\/strong><\/li>\n<li><strong> 6 tours\u00a0 :\u00a0 \u00a0 <strong>30<\/strong>9 \u20ac<\/strong><\/li>\n<li><strong> 7 tours\u00a0 :\u00a0 \u00a0 339 \u20ac<\/strong><\/li>\n<li><strong> 8 tours\u00a0 :\u00a0 \u00a0 369 \u20ac<\/strong><\/li>\n<li><strong>9 tours\u00a0 :\u00a0 \u00a0 399 \u20ac<\/strong><\/li>\n<li><strong>10 tours:\u00a0 \u00a0 429 \u20ac<\/strong><\/li>\n<li><strong>15 tours:\u00a0 \u00a0 529 \u20ac<\/strong><\/li>\n<\/ul>\n<p>Nota : A partir de huit tours vous avez la possibilit\u00e9 de diviser votre stage en deux sessions.<br \/>\nCeci afin de faire une pause et d\u2019assimiler les premiers acquis.<\/p>\n<ul>\n<li><strong> stage demi-journ\u00e9e 2&#215;10 Tours : (629\u20ac)<\/strong>.<\/li>\n<\/ul>\n<p><strong>&#8211; Votre stage film\u00e9 de l&rsquo;int\u00e9rieur par deux cam\u00e9ra.<\/strong><\/p>\n<p><b>&#8211; Repartez avec la vid\u00e9o de vos exploits sur cl\u00e9 USB. (Syst\u00e8me Vbox)<\/b><\/p>\n<p><strong>&#8211; Demandez la le jour du stage.<\/strong><\/p>\n<p>&#8211; <strong>Prix : 39\u20ac<\/strong><\/p>\n<hr \/>\n<blockquote>\n<h1 style=\"text-align: center;\"><span style=\"text-decoration: underline;\"><span style=\"color: #ff0000;\"><strong>FONTENAY LE COMTE 2026<\/strong><\/span><\/span><\/h1>\n<\/blockquote>\n<p><strong><span style=\"color: #f5090f;\">NOUVEAU STAGE, NOUVELLES DATES\u00a0 !!!!!!\u00a0<\/span><\/strong>: Si vous \u00eates int\u00e9ress\u00e9s pour rouler \u00e0 Fontenay le comte, faites nous le savoir (adresse mail sur la page \u00ab\u00a0nous contacter\u00a0\u00bb. Des dates peuvent \u00eatre pr\u00e9vues en 2025, la condition ! : avoir suffisamment de stagiaires).<a href=\"https:\/\/handisportauto.com\/wp-content\/uploads\/2015\/07\/image-circuit-fontenay.png\"><img loading=\"lazy\" decoding=\"async\" class=\" size-full wp-image-145 aligncenter\" src=\"https:\/\/handisportauto.com\/wp-content\/uploads\/2015\/07\/image-circuit-fontenay.png\" alt=\"image circuit fontenay\" width=\"246\" height=\"205\" \/><\/a><\/p>\n<\/div>\n<h3 style=\"color: #fd8b01;\">R\u00e9server un ou plusieurs stage(s)<\/h3>\n<p>Pour r\u00e9server un ou plusieurs <strong>stage(s)<\/strong> ou pour avoir un suppl\u00e9ment d&rsquo;<strong>information<\/strong>, veuillez <strong><a href=\"https:\/\/handisportauto.com\/contacter-handisportauto-2\">nous contacter<\/a><\/strong>.<\/p>\n<div style=\"clear: both; margin-bottom: 33px; padding-top: 30px;\"><img decoding=\"async\" class=\"aligncenter\" src=\"https:\/\/handisportauto.com\/hsa\/presse\/hsalogo.png\" alt=\"\" \/><\/div>\n","protected":false},"excerpt":{"rendered":"<p>Les stages : pr\u00e9sentation g\u00e9n\u00e9rale et conditions Stage sur PORSCHE 996 Carrera (Tiptronic) sur le circuit Maison Blanche au Mans (la voiture et le circuit sont pr\u00e9sent\u00e9s en d\u00e9tail \u00e0 l&rsquo;accueil du site). L&rsquo;objectif est de&#8230;<\/p>\n","protected":false},"author":1,"featured_media":0,"parent":0,"menu_order":0,"comment_status":"closed","ping_status":"open","template":"","meta":{"footnotes":""},"class_list":["post-8","page","type-page","status-publish","hentry"],"_links":{"self":[{"href":"https:\/\/handisportauto.com\/index.php?rest_route=\/wp\/v2\/pages\/8","targetHints":{"allow":["GET"]}}],"collection":[{"href":"https:\/\/handisportauto.com\/index.php?rest_route=\/wp\/v2\/pages"}],"about":[{"href":"https:\/\/handisportauto.com\/index.php?rest_route=\/wp\/v2\/types\/page"}],"author":[{"embeddable":true,"href":"https:\/\/handisportauto.com\/index.php?rest_route=\/wp\/v2\/users\/1"}],"replies":[{"embeddable":true,"href":"https:\/\/handisportauto.com\/index.php?rest_route=%2Fwp%2Fv2%2Fcomments&post=8"}],"version-history":[{"count":71,"href":"https:\/\/handisportauto.com\/index.php?rest_route=\/wp\/v2\/pages\/8\/revisions"}],"predecessor-version":[{"id":361,"href":"https:\/\/handisportauto.com\/index.php?rest_route=\/wp\/v2\/pages\/8\/revisions\/361"}],"wp:attachment":[{"href":"https:\/\/handisportauto.com\/index.php?rest_route=%2Fwp%2Fv2%2Fmedia&parent=8"}],"curies":[{"name":"wp","href":"https:\/\/api.w.org\/{rel}","templated":true}]}}